{"id":6335,"date":"2014-10-15T15:20:57","date_gmt":"2014-10-15T13:20:57","guid":{"rendered":"https:\/\/comunicatur.info\/?page_id=6335"},"modified":"2017-05-01T22:44:13","modified_gmt":"2017-05-01T20:44:13","slug":"cookies","status":"publish","type":"page","link":"https:\/\/www.comunicatur.info\/es\/cookies\/","title":{"rendered":"Cookies"},"content":{"rendered":"<p>&nbsp;<\/p>\n<h3>Pol\u00edtica de cookies<\/h3>\n<p style=\"text-align: justify;\">Deseamos informarle que nuestra p\u00e1gina web utiliza cookies para analizar la navegaci\u00f3n realizada por los usuarios en ella.<\/p>\n<p style=\"text-align: justify;\">Las cookies son unos archivos que se instalan en el equipo desde el que se accede a nuestra web con las finalidades que se describen en esta p\u00e1gina.<\/p>\n<p style=\"text-align: justify;\">La aplicaci\u00f3n que utilizamos para obtener y analizar la informaci\u00f3n de la navegaci\u00f3n es: <strong>Google Analytics<\/strong> <a title=\"google analytics\" href=\"http:\/\/www.google.com\/analytics\/\" target=\"_blank\" rel=\"noopener\">www.google.com\/analytics\/<\/a> y <a href=\"http:\/\/www.google.es\/intl\/es\/policies\/privacy\/\" target=\"_blank\" rel=\"noopener\">http:\/\/www.google.es\/intl\/es\/policies\/privacy\/<\/a><\/p>\n<p style=\"text-align: justify;\">Esta aplicaci\u00f3n ha sido desarrollada por Google, que nos presta el servicio de an\u00e1lisis de la audiencia de nuestra p\u00e1gina. Esta empresa puede utilizar estos datos para mejorar sus propios servicios y para ofrecer servicios a otras empresas. Puede conocer esos otros usos desde los enlaces indicados.<\/p>\n<p style=\"text-align: justify;\">Esta herramienta no obtiene datos de los nombres o apellidos de los usuarios ni de la direcci\u00f3n postal desde donde se conectan. La informaci\u00f3n que se obtiene est\u00e1 relacionada por ejemplo con el n\u00famero de p\u00e1ginas visitas, el idioma, red social en la que se publican nuestras noticias, la ciudad en la que est\u00e1 asignada la direcci\u00f3n IP desde la que acceden los usuarios, el n\u00famero de usuarios que nos visitan, la frecuencia y reincidencia de las visitas, el tiempo de visita, el navegador que usan, el operador o tipo de terminal desde el que se realiza la visita.<\/p>\n<p style=\"text-align: justify;\">La aplicaci\u00f3n que utilizamos para conectar con Facebook, Twitter y Google + es el plugin de WordPress.org Digg Digg: <a href=\"https:\/\/wordpress.org\/plugins\/digg-digg\/\" target=\"_blank\" rel=\"noopener\">https:\/\/wordpress.org\/plugins\/digg-digg\/<\/a>.<\/p>\n<p style=\"text-align: justify;\">La misi\u00f3n de este plugin tan solo es la de conectar con nuestras cuentas de redes sociales para conocer la cantidad de Me gusta (facebook), Twitts (Twitter) y G +1 (Google +) que nuestra p\u00e1gina adquiere de las acciones de los usuarios. La pol\u00edtica de privacidad de estas redes sociales las pueden obtener de:<\/p>\n<p style=\"text-align: justify;\"><a href=\"https:\/\/www.facebook.com\/help\/\" target=\"_blank\" rel=\"noopener\">https:\/\/www.facebook.com\/help\/<\/a>\u2013 Apliaci\u00f3n desarrollada por Facebook para contabilizar el n\u00famero de \u201cMe gusta\u201d de una p\u00e1gina web<\/p>\n<p style=\"text-align: justify;\"><a href=\"https:\/\/support.twitter.com\/articles\/20170521-el-uso-que-hace-twitter-de-cookies-y-tecnologias-similares\" target=\"_blank\" rel=\"noopener\">https:\/\/support.twitter.com\/articles\/20170521-el-uso-que-hace-twitter-de-cookies-y-tecnologias-similares<\/a>\u2013 Aplicaci\u00f3n desarrollada por Twitter para contabilizar el n\u00famero de Twitts de una p\u00e1gina web<\/p>\n<p style=\"text-align: justify;\"><a href=\"https:\/\/www.google.com\/intl\/es\/policies\/technologies\/cookies\/\" target=\"_blank\" rel=\"noopener\">https:\/\/www.google.com\/intl\/es\/policies\/technologies\/cookies\/<\/a>\u2013 Apliaci\u00f3n desarrollada por Google para contabilizar el n\u00famero de G+1 que obtine una p\u00e1gina web.<\/p>\n<p style=\"text-align: justify;\"><a title=\"http:\/\/www.sharethis.com\/legal\/privacy\/#sthash.GL2KvOz3.dpbs\" href=\"http:\/\/www.sharethis.com\/legal\/privacy\/#sthash.GL2KvOz3.dpbs\" target=\"_blank\" rel=\"noopener\">http:\/\/www.sharethis.com\/legal\/privacy\/#sthash.GL2KvOz3.dpbs<\/a>\u2013 Share This. Aplicaci\u00f3n desarrollada por Share This para poder compartir un contenido de nuestra web en las diferentes cuentas de las principales redes sociales de los visitantes. Para poder compartir nuestro contenido en las redes sociales de los usuarios, es imprescindible que se produzca la acci\u00f3n por parte del usuario de compartir, y consecuentemente su aceptaci\u00f3n.<\/p>\n<p style=\"text-align: justify;\">La aplicacion que utilizamos paracrear la p\u00e1gina web que es WordPress, y la crea WordPress.org: <a title=\"http:\/\/codex.wordpress.org\/WordPress_Cookies\" href=\"http:\/\/codex.wordpress.org\/WordPress_Cookies\" target=\"_blank\" rel=\"noopener\">http:\/\/codex.wordpress.org\/WordPress_Cookies<\/a><\/p>\n<p style=\"text-align: justify;\"><strong style=\"font-style: inherit;\">Esta informaci\u00f3n la utilizamos para mejorar nuestra p\u00e1gina<\/strong>, detectar nuevas necesidades y valorar las mejoras a introducir con la finalidad de prestar un mejor servicio a los usuarios que nos visitan.<\/p>\n<p style=\"text-align: justify;\"><strong style=\"font-style: inherit;\">Para permitir, conocer, bloquear o eliminar las cookies instaladas en tu equipo puedes hacerlo mediante la configuraci\u00f3n de las opciones del navegador instalado en su ordenador<\/strong>.<\/p>\n<p style=\"text-align: justify;\">Por ejemplo puedes encontrar informaci\u00f3n sobre c\u00f3mo hacerlo en el caso que uses como navegador:<\/p>\n<p style=\"text-align: justify;\">Firefox desde aqu\u00ed: <a title=\"Cookies Mozilla\" href=\"http:\/\/support.mozilla.org\/es\/kb\/habilitar-y-deshabilitar-cookies-que-los-sitios-we\" target=\"_blank\" rel=\"noopener\">http:\/\/support.mozilla.org\/es\/kb\/habilitar-y-deshabilitar-cookies-que-los-sitios-we<\/a><\/p>\n<p style=\"text-align: justify;\">Chrome desde aqu\u00ed: <a title=\"Cookies Chrome\" href=\"http:\/\/support.google.com\/chrome\/bin\/answer.py?hl=es&amp;answer=95647\" target=\"_blank\" rel=\"noopener\">http:\/\/support.google.com\/chrome\/bin\/answer.py?hl=es&amp;answer=95647<\/a><\/p>\n<p style=\"text-align: justify;\">Explorer desde aqu\u00ed: <a title=\"Cookies Explorer\" href=\"http:\/\/windows.microsoft.com\/es-es\/windows7\/how-to-manage-cookies-in-internet-explorer-9\" target=\"_blank\" rel=\"noopener\">http:\/\/windows.microsoft.com\/es-es\/windows7\/how-to-manage-cookies-in-internet-explorer-9<\/a><\/p>\n<p style=\"text-align: justify;\">Safari desde aqu\u00ed: <a title=\"Cookies Safari\" href=\"http:\/\/support.apple.com\/kb\/ph5042\" target=\"_blank\" rel=\"noopener\">http:\/\/support.apple.com\/kb\/ph5042<\/a><\/p>\n<p style=\"text-align: justify;\">Opera desde aqu\u00ed: <a title=\"Cookies Opera\" href=\"http:\/\/help.opera.com\/Windows\/11.50\/es-ES\/cookies.html\" target=\"_blank\" rel=\"noopener\">http:\/\/help.opera.com\/Windows\/11.50\/es-ES\/cookies.html<\/a><\/p>\n<h4>\u00bfQu\u00e9 es una cookie?<\/h4>\n<p style=\"text-align: justify;\">Las cookies son ficheros que se descargan en el terminal (ordenador\/smartphone\/tablet) del usuario al acceder a determinadas p\u00e1ginas web y que se almacenan en la memoria del mismo. Las cookies permiten, entre otras cosas, almacenar y recuperar informaci\u00f3n sobre los h\u00e1bitos de navegaci\u00f3n de un usuario o de su equipo, ver qu\u00e9 p\u00e1ginas se visitan, el tiempo de conexi\u00f3n, analizar el funcionamiento de una p\u00e1gina, si existen problemas t\u00e9cnicos, etc. Dependiendo de la informaci\u00f3n que contengan y la forma en que se utilice el terminal, pueden utilizarse para reconocer al usuario.<\/p>\n<h4>\u00bfQu\u00e9 tipos de cookies existen?<\/h4>\n<ul style=\"text-align: justify;\">\n<li>Cookies propias: Son aqu\u00e9llas que enviamos a tu ordenador o terminal desde nuestra p\u00e1gina web.<\/li>\n<li>Cookies de tercero: Son aqu\u00e9llas que se env\u00edan a tu ordenador o terminal desde un dominio o una\u00a0p\u00e1gina web que no es gestionada por nosotros, sino por otra entidad que trata los datos obtenidos trav\u00e9s\u00a0de las cookies.<\/li>\n<li>Cookies de sesi\u00f3n: Son un tipo de cookies dise\u00f1adas para recabar y almacenar datos mientras accedes a\u00a0nuestra web.<\/li>\n<li>Cookies persistentes: Son un tipo de cookies en el que los datos siguen almacenados en el terminal y\u00a0pueden ser accedidos y tratados durante un periodo determinado de tiempo, y que puede ir de unos\u00a0minutos a varios a\u00f1os.<\/li>\n<li>Cookies de an\u00e1lisis: Son aqu\u00e9llas que bien tratadas por nosotros o por terceros, nos permiten cuantificar\u00a0el n\u00famero de usuarios y realizar la medici\u00f3n y an\u00e1lisis estad\u00edstico de la utilizaci\u00f3n que hacen los\u00a0usuarios de nuestra web. Para ello analizamos la navegaci\u00f3n en nuestra p\u00e1gina web con el fin de mejorar\u00a0la oferta de productos o servicios que ofrecemos.<\/li>\n<li>Cookies publicitarias: Son aqu\u00e9llas que permiten la gesti\u00f3n, de la forma m\u00e1s eficaz posible, de los\u00a0espacios publicitarios que hay en nuestra pagina web en base a criterios como el contenido editado o la\u00a0frecuencia en la que se muestran los anuncios o en funci\u00f3n del comportamiento de los usuarios obtenida\u00a0a trav\u00e9s de la observaci\u00f3n continuada de sus h\u00e1bitos de navegaci\u00f3n, lo que permite desarrollar un perfil\u00a0espec\u00edfico para mostrar la publicidad en funci\u00f3n del mismo.<\/li>\n<\/ul>\n<h4><\/h4>\n<h4>\u00bfPara qu\u00e9 sirve una cookie?<\/h4>\n<p style=\"text-align: justify;\">Las cookies se utilizan para poder ofrecerle servicios y\/o publicidad personalizados, para analizar el funcionamiento del sistema, reconocerle cuando accede como usuario, localizar incidencias y problemas que puedan surgir y solventarlos en el menor plazo posible, as\u00ed como analizar y medir el uso y actividad de la p\u00e1gina web.<\/p>\n<h4>\u00bfSe necesita mi consentimiento para implantar una cookie?<\/h4>\n<p style=\"text-align: justify;\">No se precisa el consentimiento para la instalaci\u00f3n de cookies t\u00e9cnicas o las que sean estrictamente necesarias para la prestaci\u00f3n de un servicio de la sociedad de la informaci\u00f3n expresamente solicitado por el destinatario.<\/p>\n<p style=\"text-align: justify;\">Para el resto, s\u00ed se precisa del consentimiento del interesado que se puede solicitar por distintas v\u00edas. En el caso de nuestra empresa, se entender\u00e1 otorgado si Vd. sigue utilizando la p\u00e1gina web, sin perjuicio de que en cualquier momento podr\u00e1 revocarlo y desactivar las cookies.<\/p>\n<h4>\u00bfC\u00f3mo puedo desactivar las cookies?<\/h4>\n<p style=\"text-align: justify;\">La mayor\u00eda de los navegadores indican c\u00f3mo configurar su navegador para que no acepte cookies, para que le notifique cada vez que reciba una nueva cookie, as\u00ed como para desactivarlas completamente. Para controlar qu\u00e9 uso quiere que se haga de su informaci\u00f3n, puede configurar el navegador de su terminal en la forma que estime m\u00e1s conveniente para Vd.<\/p>\n<p style=\"text-align: justify;\">En todo caso, le hacemos notar que si se desactivan las cookies t\u00e9cnicas y\/o de funcionamiento, la calidad de la p\u00e1gina web puede disminuir o puede que cueste m\u00e1s identificarle.<\/p>\n<p style=\"text-align: justify;\">Le indicamos los siguientes enlaces, donde podr\u00e1 encontrar m\u00e1s informaci\u00f3n sobre los diferentes navegadores:<\/p>\n<ul>\n<li><a href=\"http:\/\/support.google.com\/chrome\/bin\/answer.py?hl=es&amp;answer=95647\" target=\"_blank\" rel=\"noopener\">Chrome<\/a><\/li>\n<li><a href=\"http:\/\/windows.microsoft.com\/es-es\/windows7\/how-to-manage-cookies-in-internet-explorer-9\" target=\"_blank\" rel=\"noopener\">Explorer<\/a><\/li>\n<li><a href=\"http:\/\/support.mozilla.org\/es\/kb\/habilitar-y-deshabilitar-cookies-que-los-sitios-we\" target=\"_blank\" rel=\"noopener\">Firefox<\/a><\/li>\n<li><a href=\"http:\/\/support.apple.com\/kb\/ph5042\" target=\"_blank\" rel=\"noopener\">Safari<\/a><\/li>\n<\/ul>\n","protected":false},"excerpt":{"rendered":"<p>&nbsp; Pol\u00edtica de cookies Deseamos informarle que nuestra p\u00e1gina web utiliza cookies para analizar la navegaci\u00f3n realizada por los usuarios en ella. Las cookies son unos archivos que se instalan en el equipo desde el que se accede a nuestra web con las finalidades que se describen en esta p\u00e1gina. La aplicaci\u00f3n que utilizamos para &hellip;<\/p>\n","protected":false},"author":1,"featured_media":0,"parent":0,"menu_order":0,"comment_status":"closed","ping_status":"open","template":"","meta":[],"_links":{"self":[{"href":"https:\/\/www.comunicatur.info\/es\/wp-json\/wp\/v2\/pages\/6335"}],"collection":[{"href":"https:\/\/www.comunicatur.info\/es\/wp-json\/wp\/v2\/pages"}],"about":[{"href":"https:\/\/www.comunicatur.info\/es\/wp-json\/wp\/v2\/types\/page"}],"author":[{"embeddable":true,"href":"https:\/\/www.comunicatur.info\/es\/wp-json\/wp\/v2\/users\/1"}],"replies":[{"embeddable":true,"href":"https:\/\/www.comunicatur.info\/es\/wp-json\/wp\/v2\/comments?post=6335"}],"version-history":[{"count":6,"href":"https:\/\/www.comunicatur.info\/es\/wp-json\/wp\/v2\/pages\/6335\/revisions"}],"predecessor-version":[{"id":10188,"href":"https:\/\/www.comunicatur.info\/es\/wp-json\/wp\/v2\/pages\/6335\/revisions\/10188"}],"wp:attachment":[{"href":"https:\/\/www.comunicatur.info\/es\/wp-json\/wp\/v2\/media?parent=6335"}],"curies":[{"name":"wp","href":"https:\/\/api.w.org\/{rel}","templated":true}]}}